 {"id":8929,"date":"2023-05-08T11:43:22","date_gmt":"2023-05-08T09:43:22","guid":{"rendered":"https:\/\/owli.gr\/tzavelas\/?post_type=product&#038;p=8929"},"modified":"2025-07-30T11:10:00","modified_gmt":"2025-07-30T09:10:00","slug":"anostromata-latex-%ce%b1%ce%bd%cf%89%cf%83%cf%84%cf%81%cf%8e%ce%bc%ce%b1%cf%84%ce%b1-latex","status":"publish","type":"product","link":"https:\/\/tzavelas-afrolex.gr\/en\/product\/anostromata-latex-%ce%b1%ce%bd%cf%89%cf%83%cf%84%cf%81%cf%8e%ce%bc%ce%b1%cf%84%ce%b1-latex\/","title":{"rendered":"\u0391\u03bd\u03c9\u03c3\u03c4\u03c1\u03ce\u03bc\u03b1\u03c4\u03b1 Latex"},"content":{"rendered":"<div id=\"attachment_8822\" style=\"width: 310px\" class=\"wp-caption alignnone\"><img fetchpriority=\"high\" decoding=\"async\" aria-describedby=\"caption-attachment-8822\" class=\"size-medium wp-image-8822\" src=\"https:\/\/tzavelas-afrolex.gr\/wp-content\/uploads\/2023\/05\/Latex-Foam-\u03c1\u03bf\u03bb\u03cc-300x300.png\" alt=\"Latex Foam \u03c1\u03bf\u03bb\u03cc\" width=\"300\" height=\"300\" srcset=\"https:\/\/tzavelas-afrolex.gr\/wp-content\/uploads\/2023\/05\/Latex-Foam-\u03c1\u03bf\u03bb\u03cc-300x300.png 300w, https:\/\/tzavelas-afrolex.gr\/wp-content\/uploads\/2023\/05\/Latex-Foam-\u03c1\u03bf\u03bb\u03cc-150x150.png 150w, https:\/\/tzavelas-afrolex.gr\/wp-content\/uploads\/2023\/05\/Latex-Foam-\u03c1\u03bf\u03bb\u03cc-430x430.png 430w, https:\/\/tzavelas-afrolex.gr\/wp-content\/uploads\/2023\/05\/Latex-Foam-\u03c1\u03bf\u03bb\u03cc.png 500w\" sizes=\"(max-width: 300px) 100vw, 300px\" \/><p id=\"caption-attachment-8822\" class=\"wp-caption-text\">Latex Foam<\/p><\/div>","protected":false},"excerpt":{"rendered":"<div class=\"model\">\n<div>\u0391\u03bd\u03c9\u03c3\u03c4\u03c1\u03ce\u03bc\u03b1\u03c4\u03b1 Latex<\/div>\n<\/div>\n<div class=\"short_description form-group\">\n<div>\n<p>\u0391\u03bd\u03ce\u03c3\u03c4\u03c1\u03c9\u03bc\u03b1 LATEX \u03b1\u03c0\u03bf \u03c6\u03c5\u03c3\u03b9\u03ba\u03cc \u03c5\u03bb\u03b9\u03ba\u03cc \u03b8\u03b1 \u03c7\u03b1\u03c1\u03af\u03c3\u03b5\u03b9 \u03c3\u03c4\u03bf \u03c3\u03c4\u03c1\u03ce\u03bc\u03b1 \u03c3\u03b1\u03c2 \u03c4\u03b7\u03bd \u03ac\u03bd\u03b5\u03c3\u03b7 \u03c0\u03bf\u03c5 \u03c7\u03c1\u03b5\u03b9\u03ac\u03b6\u03b5\u03c3\u03c4\u03b5 \u03b1\u03c6\u03bf\u03cd \u03c0\u03c1\u03bf\u03c3\u03c6\u03ad\u03c1\u03b5\u03b9 \u03ba\u03b1\u03bb\u03cd\u03c4\u03b5\u03c1\u03b7 \u03b1\u03bd\u03b1\u03c4\u03bf\u03bc\u03af\u03b1 \u03ba\u03b1\u03b9 \u03b5\u03bb\u03b1\u03c3\u03c4\u03b9\u03ba\u03cc\u03c4\u03b7\u03c4\u03b1 \u03b3\u03b9\u03b1 \u03c0\u03b9\u03bf \u03ac\u03bd\u03b5\u03c4\u03bf \u03ba\u03b1\u03b9 \u03be\u03b5\u03ba\u03bf\u03cd\u03c1\u03b1\u03c3\u03c4\u03bf \u03cd\u03c0\u03bd\u03bf.<\/p>\n<p>\u03a4\u03bf \u03b1\u03bd\u03ce\u03c3\u03c4\u03c1\u03c9\u03bc\u03b1 \u03b5\u03af\u03bd\u03b1\u03b9 \u03bc\u03ad\u03c3\u03b1 \u03c3\u03b5 \u03b8\u03ae\u03ba\u03b7 Aloe Vera \u03b4\u03cd\u03bf \u03cc\u03c8\u03b5\u03c9\u03bd.<\/p>\n<p>\u038c\u03bb\u03b1 \u03bc\u03b1\u03c2 \u03c4\u03b1 \u03b1\u03bd\u03c9\u03c3\u03c4\u03c1\u03ce\u03bc\u03b1\u03c4\u03b1 \u03b5\u03af\u03bd\u03b1\u03b9 \u03c7\u03b5\u03b9\u03c1\u03bf\u03c0\u03bf\u03af\u03b7\u03c4\u03b1 \u03b5\u03bb\u03bb\u03b7\u03bd\u03b9\u03ba\u03ac \u03ba\u03b1\u03b9 \u03ba\u03b1\u03c4\u03b1\u03c3\u03ba\u03b5\u03c5\u03b1\u03c3\u03bc\u03ad\u03bd\u03b1 \u03b1\u03c0\u03cc \u03ba\u03b1\u03b9\u03bd\u03bf\u03cd\u03c1\u03b9\u03b1 \u03ba\u03b1\u03b9 \u03c0\u03c1\u03c9\u03c4\u03bf\u03b3\u03b5\u03bd\u03ae \u03c5\u03bb\u03b9\u03ba\u03ac \u03ba\u03b1\u03b9 \u03cc\u03c7\u03b9 \u03b1\u03bd\u03b1\u03ba\u03c5\u03ba\u03bb\u03c9\u03bc\u03ad\u03bd\u03b1.<\/p>\n<p>\u039a\u03b1\u03c4\u03b1\u03c3\u03ba\u03b5\u03c5\u03ac\u03b6\u03bf\u03bd\u03c4\u03b1\u03b9 \u03b5\u03c0\u03af\u03c3\u03b7\u03c2 \u03c3\u03b5 \u03bf\u03c0\u03bf\u03b9\u03b1\u03b4\u03ae\u03c0\u03bf\u03c4\u03b5 \u03b5\u03c0\u03b9\u03b8\u03c5\u03bc\u03b7\u03c4\u03ae \u03b4\u03b9\u03ac\u03c3\u03c4\u03b1\u03c3\u03b7 \u03b8\u03ad\u03bb\u03b5\u03c4\u03b5 \u03ba\u03b1\u03b9 \u03b5\u03af\u03bd\u03b1\u03b9 \u03c3\u03b5 \u03c0\u03ac\u03c7\u03bf\u03c2 4 cm (+\/-1) \u03c0\u03ac\u03c7\u03bf\u03c2 latex 4\u03b5\u03ba.<\/p>\n<div class=\"stock\">\u03a5\u03bb\u03b9\u03ba\u03cc \u039a\u03b1\u03c4\u03b1\u03c3\u03ba\u03b5\u03c5\u03ae\u03c2:\u00a0<b>Latex<\/b><\/div>\n<div class=\"stock\">\u03a0\u03c1\u03bf\u03c4\u03b5\u03b9\u03bd\u03cc\u03bc\u03b5\u03bd\u03b7 \u03a7\u03c1\u03ae\u03c3\u03b7:\u00a0<b>\u0391\u03bd\u03b1\u03c4\u03bf\u03bc\u03b9\u03ba\u03cc<\/b><\/div>\n<div class=\"stock\">Availability: <strong>6<\/strong><b>-8 \u0395\u03c1\u03b3\u03ac\u03c3\u03b9\u03bc\u03b5\u03c2 \u03b7\u03bc\u03ad\u03c1\u03b5\u03c2 + 2 \u03c0\u03b1\u03c1\u03ac\u03b4\u03bf\u03c3\u03b7<\/b><\/div>\n<div class=\"stock\">\u0395\u03c0\u03ad\u03bd\u03b4\u03c5\u03c3\u03b7:\u00a0<b>\u0391\u03c6\u03b1\u03b9\u03c1\u03bf\u03cd\u03bc\u03b5\u03bd\u03bf \u03ba\u03ac\u03bb\u03c5\u03bc\u03bc\u03b1 \u03bc\u03b5 \u03c6\u03b5\u03c1\u03bc\u03bf\u03c5\u03ac\u03c1, \u038e\u03c6\u03b1\u03c3\u03bc\u03b1 \u03bb\u03b5\u03c5\u03ba\u03cc<\/b><\/div>\n<div class=\"stock\">\u039c\u03ad\u03b3\u03b5\u03b8\u03bf\u03c2:\u00a0<b>200\u00d790, 200\u00d7100, 200\u00d7160, 200\u00d7180<\/b><\/div>\n<\/div>\n<\/div>","protected":false},"featured_media":8930,"template":"","meta":[],"product_cat":[84],"product_tag":[],"yoast_head":"<!-- This site is optimized with the Yoast SEO plugin v24.5 - https:\/\/yoast.com\/wordpress\/plugins\/seo\/ -->\n<title>\u0391\u03bd\u03c9\u03c3\u03c4\u03c1\u03ce\u03bc\u03b1\u03c4\u03b1 Latex - \u0391\u03c6\u03c1\u03bf\u03bb\u03b5\u03be, \u03a3\u03c4\u03c1\u03ce\u03bc\u03b1\u03c4\u03b1, \u03b1\u03c6\u03c1\u03bf\u03bb\u03ad\u03be \u03b8\u03b5\u03c3\u03c3\u03b1\u03bb\u03bf\u03bd\u03af\u03ba\u03b7<\/title>\n<meta name=\"description\" content=\"\u0391\u03bd\u03c9\u03c3\u03c4\u03c1\u03ce\u03bc\u03b1\u03c4\u03b1 Latex. \u038c\u03bb\u03b1 \u03bc\u03b1\u03c2 \u03c4\u03b1 \u03b1\u03bd\u03c9\u03c3\u03c4\u03c1\u03ce\u03bc\u03b1\u03c4\u03b1 \u03b5\u03af\u03bd\u03b1\u03b9 \u03c7\u03b5\u03b9\u03c1\u03bf\u03c0\u03bf\u03af\u03b7\u03c4\u03b1 \u03b5\u03bb\u03bb\u03b7\u03bd\u03b9\u03ba\u03ac \u03ba\u03b1\u03b9 \u03ba\u03b1\u03c4\u03b1\u03c3\u03ba\u03b5\u03c5\u03b1\u03c3\u03bc\u03ad\u03bd\u03b1 \u03b1\u03c0\u03cc \u03ba\u03b1\u03b9\u03bd\u03bf\u03cd\u03c1\u03b9\u03b1 \u03ba\u03b1\u03b9 \u03c0\u03c1\u03c9\u03c4\u03bf\u03b3\u03b5\u03bd\u03ae \u03c5\u03bb\u03b9\u03ba\u03ac \u03ba\u03b1\u03b9 \u03cc\u03c7\u03b9 \u03b1\u03bd\u03b1\u03ba\u03c5\u03ba\u03bb\u03c9\u03bc\u03ad\u03bd\u03b1.\" \/>\n<meta name=\"robots\" content=\"index, follow, max-snippet:-1, max-image-preview:large, max-video-preview:-1\" \/>\n<link rel=\"canonical\" href=\"https:\/\/tzavelas-afrolex.gr\/en\/product\/anostromata-latex-\u03b1\u03bd\u03c9\u03c3\u03c4\u03c1\u03ce\u03bc\u03b1\u03c4\u03b1-latex\/\" \/>\n<meta property=\"og:locale\" content=\"en_GB\" \/>\n<meta property=\"og:type\" content=\"article\" \/>\n<meta property=\"og:title\" content=\"\u0391\u03bd\u03c9\u03c3\u03c4\u03c1\u03ce\u03bc\u03b1\u03c4\u03b1 Latex - \u0391\u03c6\u03c1\u03bf\u03bb\u03b5\u03be, \u03a3\u03c4\u03c1\u03ce\u03bc\u03b1\u03c4\u03b1, \u03b1\u03c6\u03c1\u03bf\u03bb\u03ad\u03be \u03b8\u03b5\u03c3\u03c3\u03b1\u03bb\u03bf\u03bd\u03af\u03ba\u03b7\" \/>\n<meta property=\"og:description\" content=\"\u0391\u03bd\u03c9\u03c3\u03c4\u03c1\u03ce\u03bc\u03b1\u03c4\u03b1 Latex. \u038c\u03bb\u03b1 \u03bc\u03b1\u03c2 \u03c4\u03b1 \u03b1\u03bd\u03c9\u03c3\u03c4\u03c1\u03ce\u03bc\u03b1\u03c4\u03b1 \u03b5\u03af\u03bd\u03b1\u03b9 \u03c7\u03b5\u03b9\u03c1\u03bf\u03c0\u03bf\u03af\u03b7\u03c4\u03b1 \u03b5\u03bb\u03bb\u03b7\u03bd\u03b9\u03ba\u03ac \u03ba\u03b1\u03b9 \u03ba\u03b1\u03c4\u03b1\u03c3\u03ba\u03b5\u03c5\u03b1\u03c3\u03bc\u03ad\u03bd\u03b1 \u03b1\u03c0\u03cc \u03ba\u03b1\u03b9\u03bd\u03bf\u03cd\u03c1\u03b9\u03b1 \u03ba\u03b1\u03b9 \u03c0\u03c1\u03c9\u03c4\u03bf\u03b3\u03b5\u03bd\u03ae \u03c5\u03bb\u03b9\u03ba\u03ac \u03ba\u03b1\u03b9 \u03cc\u03c7\u03b9 \u03b1\u03bd\u03b1\u03ba\u03c5\u03ba\u03bb\u03c9\u03bc\u03ad\u03bd\u03b1.\" \/>\n<meta property=\"og:url\" content=\"https:\/\/tzavelas-afrolex.gr\/en\/product\/anostromata-latex-\u03b1\u03bd\u03c9\u03c3\u03c4\u03c1\u03ce\u03bc\u03b1\u03c4\u03b1-latex\/\" \/>\n<meta property=\"og:site_name\" content=\"\u0391\u03c6\u03c1\u03bf\u03bb\u03b5\u03be, \u03a3\u03c4\u03c1\u03ce\u03bc\u03b1\u03c4\u03b1, \u03b1\u03c6\u03c1\u03bf\u03bb\u03ad\u03be \u03b8\u03b5\u03c3\u03c3\u03b1\u03bb\u03bf\u03bd\u03af\u03ba\u03b7\" \/>\n<meta property=\"article:modified_time\" content=\"2025-07-30T09:10:00+00:00\" \/>\n<meta property=\"og:image\" content=\"https:\/\/tzavelas-afrolex.gr\/wp-content\/uploads\/2023\/05\/\u0391\u03bd\u03c9\u03c3\u03c4\u03c1\u03ce\u03bc\u03b1\u03c4\u03b1-Latex.jpg\" \/>\n\t<meta property=\"og:image:width\" content=\"470\" \/>\n\t<meta property=\"og:image:height\" content=\"470\" \/>\n\t<meta property=\"og:image:type\" content=\"image\/jpeg\" \/>\n<meta name=\"twitter:card\" content=\"summary_large_image\" \/>\n<meta name=\"twitter:label1\" content=\"Estimated reading time\" \/>\n\t<meta name=\"twitter:data1\" content=\"1 minute\" \/>\n<script type=\"application\/ld+json\" class=\"yoast-schema-graph\">{\"@context\":\"https:\/\/schema.org\",\"@graph\":[{\"@type\":\"WebPage\",\"@id\":\"https:\/\/tzavelas-afrolex.gr\/product\/anostromata-latex-%ce%b1%ce%bd%cf%89%cf%83%cf%84%cf%81%cf%8e%ce%bc%ce%b1%cf%84%ce%b1-latex\/\",\"url\":\"https:\/\/tzavelas-afrolex.gr\/product\/anostromata-latex-%ce%b1%ce%bd%cf%89%cf%83%cf%84%cf%81%cf%8e%ce%bc%ce%b1%cf%84%ce%b1-latex\/\",\"name\":\"\u0391\u03bd\u03c9\u03c3\u03c4\u03c1\u03ce\u03bc\u03b1\u03c4\u03b1 Latex - \u0391\u03c6\u03c1\u03bf\u03bb\u03b5\u03be, \u03a3\u03c4\u03c1\u03ce\u03bc\u03b1\u03c4\u03b1, \u03b1\u03c6\u03c1\u03bf\u03bb\u03ad\u03be \u03b8\u03b5\u03c3\u03c3\u03b1\u03bb\u03bf\u03bd\u03af\u03ba\u03b7\",\"isPartOf\":{\"@id\":\"https:\/\/tzavelas-afrolex.gr\/#website\"},\"primaryImageOfPage\":{\"@id\":\"https:\/\/tzavelas-afrolex.gr\/product\/anostromata-latex-%ce%b1%ce%bd%cf%89%cf%83%cf%84%cf%81%cf%8e%ce%bc%ce%b1%cf%84%ce%b1-latex\/#primaryimage\"},\"image\":{\"@id\":\"https:\/\/tzavelas-afrolex.gr\/product\/anostromata-latex-%ce%b1%ce%bd%cf%89%cf%83%cf%84%cf%81%cf%8e%ce%bc%ce%b1%cf%84%ce%b1-latex\/#primaryimage\"},\"thumbnailUrl\":\"https:\/\/tzavelas-afrolex.gr\/wp-content\/uploads\/2023\/05\/\u0391\u03bd\u03c9\u03c3\u03c4\u03c1\u03ce\u03bc\u03b1\u03c4\u03b1-Latex.jpg\",\"datePublished\":\"2023-05-08T09:43:22+00:00\",\"dateModified\":\"2025-07-30T09:10:00+00:00\",\"description\":\"\u0391\u03bd\u03c9\u03c3\u03c4\u03c1\u03ce\u03bc\u03b1\u03c4\u03b1 Latex. \u038c\u03bb\u03b1 \u03bc\u03b1\u03c2 \u03c4\u03b1 \u03b1\u03bd\u03c9\u03c3\u03c4\u03c1\u03ce\u03bc\u03b1\u03c4\u03b1 \u03b5\u03af\u03bd\u03b1\u03b9 \u03c7\u03b5\u03b9\u03c1\u03bf\u03c0\u03bf\u03af\u03b7\u03c4\u03b1 \u03b5\u03bb\u03bb\u03b7\u03bd\u03b9\u03ba\u03ac \u03ba\u03b1\u03b9 \u03ba\u03b1\u03c4\u03b1\u03c3\u03ba\u03b5\u03c5\u03b1\u03c3\u03bc\u03ad\u03bd\u03b1 \u03b1\u03c0\u03cc \u03ba\u03b1\u03b9\u03bd\u03bf\u03cd\u03c1\u03b9\u03b1 \u03ba\u03b1\u03b9 \u03c0\u03c1\u03c9\u03c4\u03bf\u03b3\u03b5\u03bd\u03ae \u03c5\u03bb\u03b9\u03ba\u03ac \u03ba\u03b1\u03b9 \u03cc\u03c7\u03b9 \u03b1\u03bd\u03b1\u03ba\u03c5\u03ba\u03bb\u03c9\u03bc\u03ad\u03bd\u03b1.\",\"breadcrumb\":{\"@id\":\"https:\/\/tzavelas-afrolex.gr\/product\/anostromata-latex-%ce%b1%ce%bd%cf%89%cf%83%cf%84%cf%81%cf%8e%ce%bc%ce%b1%cf%84%ce%b1-latex\/#breadcrumb\"},\"inLanguage\":\"en-GB\",\"potentialAction\":[{\"@type\":\"ReadAction\",\"target\":[\"https:\/\/tzavelas-afrolex.gr\/product\/anostromata-latex-%ce%b1%ce%bd%cf%89%cf%83%cf%84%cf%81%cf%8e%ce%bc%ce%b1%cf%84%ce%b1-latex\/\"]}]},{\"@type\":\"ImageObject\",\"inLanguage\":\"en-GB\",\"@id\":\"https:\/\/tzavelas-afrolex.gr\/product\/anostromata-latex-%ce%b1%ce%bd%cf%89%cf%83%cf%84%cf%81%cf%8e%ce%bc%ce%b1%cf%84%ce%b1-latex\/#primaryimage\",\"url\":\"https:\/\/tzavelas-afrolex.gr\/wp-content\/uploads\/2023\/05\/\u0391\u03bd\u03c9\u03c3\u03c4\u03c1\u03ce\u03bc\u03b1\u03c4\u03b1-Latex.jpg\",\"contentUrl\":\"https:\/\/tzavelas-afrolex.gr\/wp-content\/uploads\/2023\/05\/\u0391\u03bd\u03c9\u03c3\u03c4\u03c1\u03ce\u03bc\u03b1\u03c4\u03b1-Latex.jpg\",\"width\":470,\"height\":470,\"caption\":\"\u0391\u03bd\u03c9\u03c3\u03c4\u03c1\u03ce\u03bc\u03b1\u03c4\u03b1 Latex\"},{\"@type\":\"BreadcrumbList\",\"@id\":\"https:\/\/tzavelas-afrolex.gr\/product\/anostromata-latex-%ce%b1%ce%bd%cf%89%cf%83%cf%84%cf%81%cf%8e%ce%bc%ce%b1%cf%84%ce%b1-latex\/#breadcrumb\",\"itemListElement\":[{\"@type\":\"ListItem\",\"position\":1,\"name\":\"\u0391\u03c1\u03c7\u03b9\u03ba\u03ae\",\"item\":\"https:\/\/tzavelas-afrolex.gr\/\"},{\"@type\":\"ListItem\",\"position\":2,\"name\":\"\u03a0\u03c1\u03bf\u03ca\u03bf\u03bd\u03c4\u03b1\",\"item\":\"https:\/\/tzavelas-afrolex.gr\/shop\/\"},{\"@type\":\"ListItem\",\"position\":3,\"name\":\"\u0391\u03bd\u03c9\u03c3\u03c4\u03c1\u03ce\u03bc\u03b1\u03c4\u03b1 Latex\"}]},{\"@type\":\"WebSite\",\"@id\":\"https:\/\/tzavelas-afrolex.gr\/#website\",\"url\":\"https:\/\/tzavelas-afrolex.gr\/\",\"name\":\"\u0391\u03c6\u03c1\u03bf\u03bb\u03b5\u03be, \u03a3\u03c4\u03c1\u03ce\u03bc\u03b1\u03c4\u03b1, \u03b1\u03c6\u03c1\u03bf\u03bb\u03ad\u03be \u03b8\u03b5\u03c3\u03c3\u03b1\u03bb\u03bf\u03bd\u03af\u03ba\u03b7\",\"description\":\"\",\"potentialAction\":[{\"@type\":\"SearchAction\",\"target\":{\"@type\":\"EntryPoint\",\"urlTemplate\":\"https:\/\/tzavelas-afrolex.gr\/?s={search_term_string}\"},\"query-input\":{\"@type\":\"PropertyValueSpecification\",\"valueRequired\":true,\"valueName\":\"search_term_string\"}}],\"inLanguage\":\"en-GB\"}]}<\/script>\n<!-- \/ Yoast SEO plugin. -->","yoast_head_json":{"title":"\u0391\u03bd\u03c9\u03c3\u03c4\u03c1\u03ce\u03bc\u03b1\u03c4\u03b1 Latex - \u0391\u03c6\u03c1\u03bf\u03bb\u03b5\u03be, \u03a3\u03c4\u03c1\u03ce\u03bc\u03b1\u03c4\u03b1, \u03b1\u03c6\u03c1\u03bf\u03bb\u03ad\u03be \u03b8\u03b5\u03c3\u03c3\u03b1\u03bb\u03bf\u03bd\u03af\u03ba\u03b7","description":"\u0391\u03bd\u03c9\u03c3\u03c4\u03c1\u03ce\u03bc\u03b1\u03c4\u03b1 Latex. \u038c\u03bb\u03b1 \u03bc\u03b1\u03c2 \u03c4\u03b1 \u03b1\u03bd\u03c9\u03c3\u03c4\u03c1\u03ce\u03bc\u03b1\u03c4\u03b1 \u03b5\u03af\u03bd\u03b1\u03b9 \u03c7\u03b5\u03b9\u03c1\u03bf\u03c0\u03bf\u03af\u03b7\u03c4\u03b1 \u03b5\u03bb\u03bb\u03b7\u03bd\u03b9\u03ba\u03ac \u03ba\u03b1\u03b9 \u03ba\u03b1\u03c4\u03b1\u03c3\u03ba\u03b5\u03c5\u03b1\u03c3\u03bc\u03ad\u03bd\u03b1 \u03b1\u03c0\u03cc \u03ba\u03b1\u03b9\u03bd\u03bf\u03cd\u03c1\u03b9\u03b1 \u03ba\u03b1\u03b9 \u03c0\u03c1\u03c9\u03c4\u03bf\u03b3\u03b5\u03bd\u03ae \u03c5\u03bb\u03b9\u03ba\u03ac \u03ba\u03b1\u03b9 \u03cc\u03c7\u03b9 \u03b1\u03bd\u03b1\u03ba\u03c5\u03ba\u03bb\u03c9\u03bc\u03ad\u03bd\u03b1.","robots":{"index":"index","follow":"follow","max-snippet":"max-snippet:-1","max-image-preview":"max-image-preview:large","max-video-preview":"max-video-preview:-1"},"canonical":"https:\/\/tzavelas-afrolex.gr\/en\/product\/anostromata-latex-\u03b1\u03bd\u03c9\u03c3\u03c4\u03c1\u03ce\u03bc\u03b1\u03c4\u03b1-latex\/","og_locale":"en_GB","og_type":"article","og_title":"\u0391\u03bd\u03c9\u03c3\u03c4\u03c1\u03ce\u03bc\u03b1\u03c4\u03b1 Latex - \u0391\u03c6\u03c1\u03bf\u03bb\u03b5\u03be, \u03a3\u03c4\u03c1\u03ce\u03bc\u03b1\u03c4\u03b1, \u03b1\u03c6\u03c1\u03bf\u03bb\u03ad\u03be \u03b8\u03b5\u03c3\u03c3\u03b1\u03bb\u03bf\u03bd\u03af\u03ba\u03b7","og_description":"\u0391\u03bd\u03c9\u03c3\u03c4\u03c1\u03ce\u03bc\u03b1\u03c4\u03b1 Latex. \u038c\u03bb\u03b1 \u03bc\u03b1\u03c2 \u03c4\u03b1 \u03b1\u03bd\u03c9\u03c3\u03c4\u03c1\u03ce\u03bc\u03b1\u03c4\u03b1 \u03b5\u03af\u03bd\u03b1\u03b9 \u03c7\u03b5\u03b9\u03c1\u03bf\u03c0\u03bf\u03af\u03b7\u03c4\u03b1 \u03b5\u03bb\u03bb\u03b7\u03bd\u03b9\u03ba\u03ac \u03ba\u03b1\u03b9 \u03ba\u03b1\u03c4\u03b1\u03c3\u03ba\u03b5\u03c5\u03b1\u03c3\u03bc\u03ad\u03bd\u03b1 \u03b1\u03c0\u03cc \u03ba\u03b1\u03b9\u03bd\u03bf\u03cd\u03c1\u03b9\u03b1 \u03ba\u03b1\u03b9 \u03c0\u03c1\u03c9\u03c4\u03bf\u03b3\u03b5\u03bd\u03ae \u03c5\u03bb\u03b9\u03ba\u03ac \u03ba\u03b1\u03b9 \u03cc\u03c7\u03b9 \u03b1\u03bd\u03b1\u03ba\u03c5\u03ba\u03bb\u03c9\u03bc\u03ad\u03bd\u03b1.","og_url":"https:\/\/tzavelas-afrolex.gr\/en\/product\/anostromata-latex-\u03b1\u03bd\u03c9\u03c3\u03c4\u03c1\u03ce\u03bc\u03b1\u03c4\u03b1-latex\/","og_site_name":"\u0391\u03c6\u03c1\u03bf\u03bb\u03b5\u03be, \u03a3\u03c4\u03c1\u03ce\u03bc\u03b1\u03c4\u03b1, \u03b1\u03c6\u03c1\u03bf\u03bb\u03ad\u03be \u03b8\u03b5\u03c3\u03c3\u03b1\u03bb\u03bf\u03bd\u03af\u03ba\u03b7","article_modified_time":"2025-07-30T09:10:00+00:00","og_image":[{"width":470,"height":470,"url":"https:\/\/tzavelas-afrolex.gr\/wp-content\/uploads\/2023\/05\/\u0391\u03bd\u03c9\u03c3\u03c4\u03c1\u03ce\u03bc\u03b1\u03c4\u03b1-Latex.jpg","type":"image\/jpeg"}],"twitter_card":"summary_large_image","twitter_misc":{"Estimated reading time":"1 minute"},"schema":{"@context":"https:\/\/schema.org","@graph":[{"@type":"WebPage","@id":"https:\/\/tzavelas-afrolex.gr\/product\/anostromata-latex-%ce%b1%ce%bd%cf%89%cf%83%cf%84%cf%81%cf%8e%ce%bc%ce%b1%cf%84%ce%b1-latex\/","url":"https:\/\/tzavelas-afrolex.gr\/product\/anostromata-latex-%ce%b1%ce%bd%cf%89%cf%83%cf%84%cf%81%cf%8e%ce%bc%ce%b1%cf%84%ce%b1-latex\/","name":"\u0391\u03bd\u03c9\u03c3\u03c4\u03c1\u03ce\u03bc\u03b1\u03c4\u03b1 Latex - \u0391\u03c6\u03c1\u03bf\u03bb\u03b5\u03be, \u03a3\u03c4\u03c1\u03ce\u03bc\u03b1\u03c4\u03b1, \u03b1\u03c6\u03c1\u03bf\u03bb\u03ad\u03be \u03b8\u03b5\u03c3\u03c3\u03b1\u03bb\u03bf\u03bd\u03af\u03ba\u03b7","isPartOf":{"@id":"https:\/\/tzavelas-afrolex.gr\/#website"},"primaryImageOfPage":{"@id":"https:\/\/tzavelas-afrolex.gr\/product\/anostromata-latex-%ce%b1%ce%bd%cf%89%cf%83%cf%84%cf%81%cf%8e%ce%bc%ce%b1%cf%84%ce%b1-latex\/#primaryimage"},"image":{"@id":"https:\/\/tzavelas-afrolex.gr\/product\/anostromata-latex-%ce%b1%ce%bd%cf%89%cf%83%cf%84%cf%81%cf%8e%ce%bc%ce%b1%cf%84%ce%b1-latex\/#primaryimage"},"thumbnailUrl":"https:\/\/tzavelas-afrolex.gr\/wp-content\/uploads\/2023\/05\/\u0391\u03bd\u03c9\u03c3\u03c4\u03c1\u03ce\u03bc\u03b1\u03c4\u03b1-Latex.jpg","datePublished":"2023-05-08T09:43:22+00:00","dateModified":"2025-07-30T09:10:00+00:00","description":"\u0391\u03bd\u03c9\u03c3\u03c4\u03c1\u03ce\u03bc\u03b1\u03c4\u03b1 Latex. \u038c\u03bb\u03b1 \u03bc\u03b1\u03c2 \u03c4\u03b1 \u03b1\u03bd\u03c9\u03c3\u03c4\u03c1\u03ce\u03bc\u03b1\u03c4\u03b1 \u03b5\u03af\u03bd\u03b1\u03b9 \u03c7\u03b5\u03b9\u03c1\u03bf\u03c0\u03bf\u03af\u03b7\u03c4\u03b1 \u03b5\u03bb\u03bb\u03b7\u03bd\u03b9\u03ba\u03ac \u03ba\u03b1\u03b9 \u03ba\u03b1\u03c4\u03b1\u03c3\u03ba\u03b5\u03c5\u03b1\u03c3\u03bc\u03ad\u03bd\u03b1 \u03b1\u03c0\u03cc \u03ba\u03b1\u03b9\u03bd\u03bf\u03cd\u03c1\u03b9\u03b1 \u03ba\u03b1\u03b9 \u03c0\u03c1\u03c9\u03c4\u03bf\u03b3\u03b5\u03bd\u03ae \u03c5\u03bb\u03b9\u03ba\u03ac \u03ba\u03b1\u03b9 \u03cc\u03c7\u03b9 \u03b1\u03bd\u03b1\u03ba\u03c5\u03ba\u03bb\u03c9\u03bc\u03ad\u03bd\u03b1.","breadcrumb":{"@id":"https:\/\/tzavelas-afrolex.gr\/product\/anostromata-latex-%ce%b1%ce%bd%cf%89%cf%83%cf%84%cf%81%cf%8e%ce%bc%ce%b1%cf%84%ce%b1-latex\/#breadcrumb"},"inLanguage":"en-GB","potentialAction":[{"@type":"ReadAction","target":["https:\/\/tzavelas-afrolex.gr\/product\/anostromata-latex-%ce%b1%ce%bd%cf%89%cf%83%cf%84%cf%81%cf%8e%ce%bc%ce%b1%cf%84%ce%b1-latex\/"]}]},{"@type":"ImageObject","inLanguage":"en-GB","@id":"https:\/\/tzavelas-afrolex.gr\/product\/anostromata-latex-%ce%b1%ce%bd%cf%89%cf%83%cf%84%cf%81%cf%8e%ce%bc%ce%b1%cf%84%ce%b1-latex\/#primaryimage","url":"https:\/\/tzavelas-afrolex.gr\/wp-content\/uploads\/2023\/05\/\u0391\u03bd\u03c9\u03c3\u03c4\u03c1\u03ce\u03bc\u03b1\u03c4\u03b1-Latex.jpg","contentUrl":"https:\/\/tzavelas-afrolex.gr\/wp-content\/uploads\/2023\/05\/\u0391\u03bd\u03c9\u03c3\u03c4\u03c1\u03ce\u03bc\u03b1\u03c4\u03b1-Latex.jpg","width":470,"height":470,"caption":"\u0391\u03bd\u03c9\u03c3\u03c4\u03c1\u03ce\u03bc\u03b1\u03c4\u03b1 Latex"},{"@type":"BreadcrumbList","@id":"https:\/\/tzavelas-afrolex.gr\/product\/anostromata-latex-%ce%b1%ce%bd%cf%89%cf%83%cf%84%cf%81%cf%8e%ce%bc%ce%b1%cf%84%ce%b1-latex\/#breadcrumb","itemListElement":[{"@type":"ListItem","position":1,"name":"\u0391\u03c1\u03c7\u03b9\u03ba\u03ae","item":"https:\/\/tzavelas-afrolex.gr\/"},{"@type":"ListItem","position":2,"name":"\u03a0\u03c1\u03bf\u03ca\u03bf\u03bd\u03c4\u03b1","item":"https:\/\/tzavelas-afrolex.gr\/shop\/"},{"@type":"ListItem","position":3,"name":"\u0391\u03bd\u03c9\u03c3\u03c4\u03c1\u03ce\u03bc\u03b1\u03c4\u03b1 Latex"}]},{"@type":"WebSite","@id":"https:\/\/tzavelas-afrolex.gr\/#website","url":"https:\/\/tzavelas-afrolex.gr\/","name":"\u0391\u03c6\u03c1\u03bf\u03bb\u03b5\u03be, \u03a3\u03c4\u03c1\u03ce\u03bc\u03b1\u03c4\u03b1, \u03b1\u03c6\u03c1\u03bf\u03bb\u03ad\u03be \u03b8\u03b5\u03c3\u03c3\u03b1\u03bb\u03bf\u03bd\u03af\u03ba\u03b7","description":"","potentialAction":[{"@type":"SearchAction","target":{"@type":"EntryPoint","urlTemplate":"https:\/\/tzavelas-afrolex.gr\/?s={search_term_string}"},"query-input":{"@type":"PropertyValueSpecification","valueRequired":true,"valueName":"search_term_string"}}],"inLanguage":"en-GB"}]}},"_links":{"self":[{"href":"https:\/\/tzavelas-afrolex.gr\/en\/wp-json\/wp\/v2\/product\/8929"}],"collection":[{"href":"https:\/\/tzavelas-afrolex.gr\/en\/wp-json\/wp\/v2\/product"}],"about":[{"href":"https:\/\/tzavelas-afrolex.gr\/en\/wp-json\/wp\/v2\/types\/product"}],"version-history":[{"count":10,"href":"https:\/\/tzavelas-afrolex.gr\/en\/wp-json\/wp\/v2\/product\/8929\/revisions"}],"predecessor-version":[{"id":14617,"href":"https:\/\/tzavelas-afrolex.gr\/en\/wp-json\/wp\/v2\/product\/8929\/revisions\/14617"}],"wp:featuredmedia":[{"embeddable":true,"href":"https:\/\/tzavelas-afrolex.gr\/en\/wp-json\/wp\/v2\/media\/8930"}],"wp:attachment":[{"href":"https:\/\/tzavelas-afrolex.gr\/en\/wp-json\/wp\/v2\/media?parent=8929"}],"wp:term":[{"taxonomy":"product_cat","embeddable":true,"href":"https:\/\/tzavelas-afrolex.gr\/en\/wp-json\/wp\/v2\/product_cat?post=8929"},{"taxonomy":"product_tag","embeddable":true,"href":"https:\/\/tzavelas-afrolex.gr\/en\/wp-json\/wp\/v2\/product_tag?post=8929"}],"curies":[{"name":"wp","href":"https:\/\/api.w.org\/{rel}","templated":true}]}}